{"id":15596,"date":"2022-08-04T15:41:52","date_gmt":"2022-08-04T20:41:52","guid":{"rendered":"https:\/\/www.bestmex.com\/es\/mexico-seguros-blog\/?page_id=15596"},"modified":"2025-04-14T13:09:00","modified_gmt":"2025-04-14T18:09:00","slug":"aseguradoras-de-autos-mexicanas","status":"publish","type":"page","link":"https:\/\/www.bestmex.com\/es\/mexico-seguros-blog\/aseguradoras-de-autos-mexicanas\/","title":{"rendered":"Aseguradoras de Autos Mexicanas"},"content":{"rendered":"<p>[et_pb_section fb_built=&#8221;1&#8243; disabled_on=&#8221;on|on|off&#8221; _builder_version=&#8221;4.16&#8243; custom_padding=&#8221;0px||0px|&#8221; transparent_background=&#8221;off&#8221; make_fullwidth=&#8221;off&#8221; use_custom_width=&#8221;off&#8221; width_unit=&#8221;on&#8221; global_colors_info=&#8221;{}&#8221;][et_pb_row admin_label=&#8221;row&#8221; _builder_version=&#8221;4.16&#8243; background_size=&#8221;initial&#8221; background_position=&#8221;top_left&#8221; background_repeat=&#8221;repeat&#8221; custom_margin=&#8221;||0px|&#8221; custom_padding=&#8221;||0px|&#8221; make_fullwidth=&#8221;off&#8221; use_custom_width=&#8221;off&#8221; width_unit=&#8221;on&#8221; global_colors_info=&#8221;{}&#8221;][et_pb_column type=&#8221;4_4&#8243; _builder_version=&#8221;4.16&#8243; custom_padding=&#8221;|||&#8221; global_colors_info=&#8221;{}&#8221; custom_padding__hover=&#8221;|||&#8221;][et_pb_text admin_label=&#8221;Aseguradoras de Autos en Mexico&#8221; _builder_version=&#8221;4.27.0&#8243; global_colors_info=&#8221;{}&#8221;]<\/p>\n<h1 style=\"text-align: center;\"><span style=\"color: #003300;\"><a id=\"section1\"><\/a>Aseguradoras de Autos Mexicanas<\/span><\/h1>\n<p style=\"text-align: center;\"><span style=\"color: #008000;\"><strong>English<\/strong><\/span><\/p>\n<p>[\/et_pb_text][et_pb_text _builder_version=&#8221;4.17.6&#8243; saved_tabs=&#8221;all&#8221; global_colors_info=&#8221;{}&#8221;]<\/p>\n<p style=\"text-align: justify;\"><div class='et-box et-shadow'>\n\t\t\t\t\t<div class='et-box-content'><p style=\"text-align: justify;\"><span style=\"color: #33cccc;\"><span style=\"color: #008000;\">En <\/span><\/span><strong><span style=\"color: #008000;\">BestMex.com<\/span><\/strong><span style=\"color: #33cccc;\"><span style=\"color: #008000;\"> le ofrecemos las mejores opciones de p\u00f3lizas de <a style=\"color: #008000;\" title=\"BestMex.com, seguros de autos para viajar a M\u00e9xico y Estados Unidos\" href=\"http:\/\/www.bestmex.com\/es\/\" target=\"_self\" rel=\"noopener\">seguros de autos<\/a>\u00a0turistas para el cruce entre Estados Unidos, Canad\u00e1 y M\u00e9xico. Trabajamos con las mejores aseguradoras de autos en M\u00e9xico y Estados Unidos, seg\u00fan sea el caso, las cuales son evaluadas y han recibido una calificaci\u00f3n superior por parte de<span style=\"color: #000080;\"><a style=\"color: #000080;\" title=\"Standard &amp; Poors, Servicios Financieros\" href=\"https:\/\/www.standardandpoors.com\" target=\"_blank\" rel=\"noopener\">Standards &amp; Poor\u2019s\u00a9<\/a>\u00a0y\u00a0<a style=\"color: #000080;\" title=\"A.M. Best Company, Servicios Financieros\" href=\"http:\/\/www.ambest.com\" target=\"_blank\" rel=\"noopener\">A.M Best Company\u00a9<\/a>,<\/span> a trav\u00e9s de sus oficinas matrices alrededor del mundo<\/span>.<\/span><span style=\"color: #99cc00;\">.\u00a0<\/span><span style=\"color: #008000;\">En M\u00e9xico trabajamos con Qu\u00e1litas, Mapfre, GNP y HDI mientras que en Estados Unidos con National Unity y CAIC<\/span>.<\/div><\/div><\/p>\n<p>&nbsp;<\/p>\n<p>[\/et_pb_text][et_pb_text disabled_on=&#8221;on|on|on&#8221; admin_label=&#8221;Seguros Qu\u00e1litas&#8221; _builder_version=&#8221;4.16&#8243; disabled=&#8221;on&#8221; global_colors_info=&#8221;{}&#8221;]<\/p>\n<h2 style=\"text-align: center;\"><span style=\"color: #003300;\"><span style=\"caret-color: #003300;\"><a id=\"section2\"><\/a>Seguros Qu\u00e1litas<\/span><\/span><\/h2>\n<p style=\"text-align: justify;\">[\/et_pb_text][et_pb_image src=&#8221;https:\/\/www.bestmex.com\/es\/mexico-seguros-blog\/wp-content\/uploads\/2018\/07\/qualitas1-vr1.jpg&#8221; alt=&#8221;Aseguradoras Mexicanas: Seguros Qu\u00e1litas&#8221; url=&#8221;https:\/\/www.bestmex.com\/es\/mexico-seguros-blog\/qualitas\/&#8221; align=&#8221;center&#8221; align_tablet=&#8221;center&#8221; align_phone=&#8221;center&#8221; align_last_edited=&#8221;on|desktop&#8221; _builder_version=&#8221;4.17.6&#8243; max_width=&#8221;50%&#8221; global_colors_info=&#8221;{}&#8221;][\/et_pb_image][et_pb_text _builder_version=&#8221;4.17.6&#8243; global_colors_info=&#8221;{}&#8221;]<\/p>\n<h3><span style=\"color: #008000;\">Seguros Qu\u00e1litas<\/span><\/h3>\n<p style=\"text-align: justify;\"><strong>Seguros Qu\u00e1litas<\/strong>\u00a0es una empresa aseguradora mexicana \u00a0fundada en 1993, la cu\u00e1l ha logrado un r\u00e1pido y s\u00f3lido crecimiento. Despu\u00e9s de 24 a\u00f1os \u00a0es una de las aseguradoras l\u00edderes en el mercado automotriz. Qu\u00e1litas ofrece productos para veh\u00edculos de todo tipo desde autom\u00f3viles y motocicletas particulares hasta servicio p\u00fablico y equipos pesados.<\/p>\n<p style=\"text-align: justify;\"><strong>Seguro Qu\u00e1litas<\/strong>\u00a0lleva la calidad en su nombre, ya que el significado de Qu\u00e1litas en Latin significa &#8220;calidad&#8221;. Para la compa\u00f1\u00eda calidad es una actitud gobierna en toda la organizaci\u00f3n y que gracias a ello han logrado un crecimiento s\u00f3lido en un corto plazo.<\/p>\n<p style=\"text-align: justify;\"><strong>Seguros\u00a0Qu\u00e1litas<\/strong>\u00a0se distingue por su calidad de servicio y atenci\u00f3n personalizada con lo cu\u00e1l se ha consolidado como una de las mejores en el mercado. <a href=\"https:\/\/www.bestmex.com\/es\/mexico-seguros-blog\/qualitas\/\">Leer mas&#8230;<\/a><\/p>\n<p><span style=\"color: #ffffff;\">Aseguradoras de autos mexicanas<\/span><\/p>\n<p>[\/et_pb_text][et_pb_divider show_divider=&#8221;off&#8221; disabled_on=&#8221;off|off|off&#8221; _builder_version=&#8221;4.16&#8243; height=&#8221;0px&#8221; hide_on_mobile=&#8221;on&#8221; global_colors_info=&#8221;{}&#8221;][\/et_pb_divider][et_pb_text disabled_on=&#8221;on|on|on&#8221; admin_label=&#8221;Seguros MAPFRE&#8221; _builder_version=&#8221;4.16&#8243; disabled=&#8221;on&#8221; global_colors_info=&#8221;{}&#8221;]<\/p>\n<h2 style=\"text-align: center;\"><span style=\"color: #003300;\"><span style=\"caret-color: #003300;\"><a id=\"section3\"><\/a>Seguros MAPFRE<\/span><\/span><\/h2>\n<p style=\"text-align: justify;\">[\/et_pb_text][et_pb_image src=&#8221;https:\/\/www.bestmex.com\/es\/mexico-seguros-blog\/wp-content\/uploads\/2018\/07\/mapfre-seguro-automotriz-2debcc64b7b78940b1e179a24d92bc2ad9ddd4c74ff789a13ff36ba177cad722.png&#8221; alt=&#8221;Aseguradoras Mexicanas: Seguros Mapfre&#8221; url=&#8221;https:\/\/www.bestmex.com\/es\/mexico-seguros-blog\/mapfre\/&#8221; align=&#8221;center&#8221; align_tablet=&#8221;center&#8221; align_phone=&#8221;center&#8221; align_last_edited=&#8221;on|desktop&#8221; _builder_version=&#8221;4.17.6&#8243; max_width=&#8221;80%&#8221; global_colors_info=&#8221;{}&#8221;][\/et_pb_image][et_pb_text _builder_version=&#8221;4.17.6&#8243; global_colors_info=&#8221;{}&#8221;]<\/p>\n<h3 style=\"text-align: left;\"><span style=\"color: #008000;\">Seguros MAPFRE<\/span><\/h3>\n<p style=\"text-align: justify;\"><strong>Seguros MAPFRE<\/strong>\u00a0es parte de un grupo empresarial y multinacional que cuenta con 80 a\u00f1os de experiencia. Es considerada una empresa integral, global, confiable y consolidada.<\/p>\n<p style=\"text-align: justify;\"><strong>Seguros MAPFRE\u00a0<\/strong>es reconocida a nivel global, nombrada en el &#8220;<strong>Great Place Work to&#8221;<\/strong> como una de las mejores instituciones para trabajar en M\u00e9xico y tambi\u00e9n como una de las m\u00e1s innovadoras seg\u00fan<strong> Information Week.<\/strong><\/p>\n<p style=\"text-align: justify;\"><strong>Seguros MAPFRE<\/strong>\u00a0esta certificada como una Empresa Socialmente Responsable que se basa en los principios de independencia, humanismo, \u00e9tica, respeto y solidaridad hacia cada persona y a favor de la divulgaci\u00f3n cultural y cient\u00edfica sin \u00e1nimo de lucro. <a href=\"https:\/\/www.bestmex.com\/es\/mexico-seguros-blog\/mapfre\/\">Leer mas&#8230;<\/a><\/p>\n<p>&nbsp;<\/p>\n<p style=\"text-align: justify;\">[\/et_pb_text][et_pb_text disabled_on=&#8221;on|on|on&#8221; admin_label=&#8221;Seguros GNP&#8221; _builder_version=&#8221;4.17.6&#8243; disabled=&#8221;on&#8221; global_colors_info=&#8221;{}&#8221;]<\/p>\n<h2 style=\"text-align: center;\"><span style=\"color: #003300;\"><a id=\"section1\"><\/a>Seguro Nacional Provincial ( GNP )<\/span><\/h2>\n<p style=\"text-align: justify;\">[\/et_pb_text][et_pb_image src=&#8221;https:\/\/www.bestmex.com\/es\/mexico-seguros-blog\/wp-content\/uploads\/2018\/07\/gnp.19993532.png&#8221; alt=&#8221;Aseguradoras Mexicanas: Seguros GNP&#8221; url=&#8221;https:\/\/www.bestmex.com\/es\/mexico-seguros-blog\/gnp\/&#8221; align=&#8221;center&#8221; align_tablet=&#8221;center&#8221; align_phone=&#8221;center&#8221; align_last_edited=&#8221;on|desktop&#8221; _builder_version=&#8221;4.17.6&#8243; max_width=&#8221;40%&#8221; module_alignment=&#8221;center&#8221; hover_enabled=&#8221;0&#8243; global_colors_info=&#8221;{}&#8221; sticky_enabled=&#8221;0&#8243; disabled_on=&#8221;on|on|on&#8221; disabled=&#8221;on&#8221;][\/et_pb_image][et_pb_text _builder_version=&#8221;4.27.4&#8243; hover_enabled=&#8221;0&#8243; global_colors_info=&#8221;{}&#8221; admin_label=&#8221;Text&#8221; sticky_enabled=&#8221;0&#8243; disabled_on=&#8221;on|on|on&#8221; disabled=&#8221;on&#8221;]<\/p>\n<h3><span style=\"color: #008000;\">Seguro Nacional Provincial (GNP)<\/span><\/h3>\n<p style=\"text-align: justify;\"><strong>Seguro Nacional Provincia<\/strong>l es la empresa aseguradora mexicana con mayor experiencia y solidez en M\u00e9xico al contar con m\u00e1s de <strong>115 a\u00f1os<\/strong> de carrera. GNP forma parte de uno de los conglomerados m\u00e1s grandes del pa\u00eds, Grupo BAL, quien agrupa a grandes instituciones como El Palacio de Hierro, Profuturo, M\u00e9dica M\u00f3vil, Grupo Pe\u00f1ones, Casa de Bolsa entre otras.<\/p>\n<p style=\"text-align: justify;\"><strong>Seguro Nacional Provincia<\/strong>l ha tenido siempre como misi\u00f3n brindar protecci\u00f3n financiera cuidando as\u00ed los sue\u00f1os, las emociones y vivencias de sus asegurados.<\/p>\n<p style=\"text-align: justify;\"><strong>Seguro Nacional Provincia<\/strong>l se distingue por su crecimiento rentable, su servicio inigualable, por ser una instituci\u00f3n de vanguardia y por tener la mejor gente. <a href=\"https:\/\/www.bestmex.com\/es\/mexico-seguros-blog\/gnp\/\">Leer mas&#8230;.<\/a><\/p>\n<p>&nbsp;<\/p>\n<p>&nbsp;<\/p>\n<p>[\/et_pb_text][et_pb_text disabled_on=&#8221;on|on|on&#8221; admin_label=&#8221;Seguro HDI&#8221; _builder_version=&#8221;4.16&#8243; disabled=&#8221;on&#8221; global_colors_info=&#8221;{}&#8221;]<\/p>\n<h2 style=\"text-align: center;\"><span style=\"color: #003300;\"><a id=\"section4\"><\/a>Seguros HDI<\/span><\/h2>\n<p style=\"text-align: justify;\">[\/et_pb_text][et_pb_image src=&#8221;https:\/\/www.bestmex.com\/es\/mexico-seguros-blog\/wp-content\/uploads\/2018\/07\/logo_magallanes.jpg&#8221; alt=&#8221;Aseguradoras Mexicanas: Seguros HDI&#8221; url=&#8221;https:\/\/www.bestmex.com\/es\/mexico-seguros-blog\/hdi\/&#8221; align=&#8221;center&#8221; force_fullwidth=&#8221;on&#8221; align_tablet=&#8221;center&#8221; align_phone=&#8221;center&#8221; align_last_edited=&#8221;on|desktop&#8221; _builder_version=&#8221;4.17.6&#8243; height=&#8221;150%&#8221; global_colors_info=&#8221;{}&#8221;][\/et_pb_image][et_pb_text _builder_version=&#8221;4.17.6&#8243; global_colors_info=&#8221;{}&#8221;]<\/p>\n<h3 style=\"text-align: left;\"><span style=\"color: #008000;\">Seguros HDI<\/span><\/h3>\n<p style=\"text-align: justify;\"><strong>Seguros HDI<\/strong>\u00a0es parte del grupo empresarial <strong>Talanx<\/strong>, una empresa alemana que es considerada una de las m\u00e1s grandes empresas \u00a0en Alemania, pero seconsidera una empresa mexicana de coraz\u00f3n !<\/p>\n<p style=\"text-align: justify;\"><strong>Seguros HDI\u00a0<\/strong>aunque es una compa\u00f1\u00eda joven con siete a\u00f1os de experiencia en el mercado mexicano cuenta con\u00a01500 colaboradores mexicanos trabajando para brindar el mejor servicio y con m\u00e1s de 600 mil asegurados.cuenta con m\u00e1s de \u00a0a todos sus clientes. Y<\/p>\n<p style=\"text-align: justify;\"><strong>Seguros HDI<\/strong>\u00a0ha obtenido cerca de 30 premios tales como: \u00a050 empresas m\u00e1s innovadoras, el mejor lugar para trabajar, Super empresas, entre otros m\u00e1s. <a href=\"https:\/\/www.bestmex.com\/es\/mexico-seguros-blog\/hdi\/\">Leer mas&#8230;<\/a><\/p>\n<p>&nbsp;<\/p>\n<p style=\"text-align: justify;\">[\/et_pb_text][et_pb_divider show_divider=&#8221;off&#8221; disabled_on=&#8221;off|off|off&#8221; _builder_version=&#8221;4.16&#8243; height=&#8221;0px&#8221; hide_on_mobile=&#8221;on&#8221; global_colors_info=&#8221;{}&#8221;][\/et_pb_divider][\/et_pb_column][\/et_pb_row][\/et_pb_section][et_pb_section fb_built=&#8221;1&#8243; disabled_on=&#8221;off|off|off&#8221; _builder_version=&#8221;4.16&#8243; background_size=&#8221;contain&#8221; global_colors_info=&#8221;{}&#8221;][et_pb_row column_structure=&#8221;1_3,1_3,1_3&#8243; _builder_version=&#8221;4.16&#8243; background_size=&#8221;contain&#8221; background_blend=&#8221;overlay&#8221; global_colors_info=&#8221;{}&#8221;][et_pb_column type=&#8221;1_3&#8243; _builder_version=&#8221;4.16&#8243; background_position=&#8221;top_left&#8221; custom_padding=&#8221;|||&#8221; global_colors_info=&#8221;{}&#8221; custom_padding__hover=&#8221;|||&#8221;][\/et_pb_column][et_pb_column type=&#8221;1_3&#8243; _builder_version=&#8221;4.16&#8243; background_image=&#8221;https:\/\/www.bestmex.com\/es\/mexico-seguros-blog\/wp-content\/uploads\/2017\/07\/driving-to-mexico.gif&#8221; background_size=&#8221;initial&#8221; background_position=&#8221;top_center&#8221; custom_padding=&#8221;|||&#8221; global_colors_info=&#8221;{}&#8221; custom_padding__hover=&#8221;|||&#8221;][et_pb_cta button_url=&#8221;https:\/\/www.bestmex.com\/shop\/es\/seguro-de-auto-para-mexico.aspx&#8221; button_text=&#8221;Cotiza hoy mismo&#8221; admin_label=&#8221;Call To Action &#8211; quote&#8221; _builder_version=&#8221;4.16&#8243; use_background_color=&#8221;off&#8221; custom_button=&#8221;on&#8221; button_text_color=&#8221;#ffffff&#8221; button_bg_color=&#8221;#e02b20&#8243; button_border_color=&#8221;#e02b20&#8243; button_border_radius=&#8221;8&#8243; background_layout=&#8221;light&#8221; border_style=&#8221;solid&#8221; global_colors_info=&#8221;{}&#8221; button_text_size__hover_enabled=&#8221;off&#8221; button_one_text_size__hover_enabled=&#8221;off&#8221; button_two_text_size__hover_enabled=&#8221;off&#8221; button_text_color__hover_enabled=&#8221;off&#8221; button_one_text_color__hover_enabled=&#8221;off&#8221; button_two_text_color__hover_enabled=&#8221;off&#8221; button_border_width__hover_enabled=&#8221;off&#8221; button_one_border_width__hover_enabled=&#8221;off&#8221; button_two_border_width__hover_enabled=&#8221;off&#8221; button_border_color__hover_enabled=&#8221;off&#8221; button_one_border_color__hover_enabled=&#8221;off&#8221; button_two_border_color__hover_enabled=&#8221;off&#8221; button_border_radius__hover_enabled=&#8221;off&#8221; button_one_border_radius__hover_enabled=&#8221;off&#8221; button_two_border_radius__hover_enabled=&#8221;off&#8221; button_letter_spacing__hover_enabled=&#8221;off&#8221; button_one_letter_spacing__hover_enabled=&#8221;off&#8221; button_two_letter_spacing__hover_enabled=&#8221;off&#8221; button_bg_color__hover_enabled=&#8221;off&#8221; button_one_bg_color__hover_enabled=&#8221;off&#8221; button_two_bg_color__hover_enabled=&#8221;off&#8221;][\/et_pb_cta][et_pb_code _builder_version=&#8221;4.16&#8243; global_colors_info=&#8221;{}&#8221;]<\/p>\n<style type=\"text\/css\"><!-- [et_pb_line_break_holder] -->svg {<!-- [et_pb_line_break_holder] --> display: block;<!-- [et_pb_line_break_holder] --> margin: 0 auto;<!-- [et_pb_line_break_holder] -->}<!-- [et_pb_line_break_holder] --><!-- [et_pb_line_break_holder] --><\/style>\n<p><!-- [et_pb_line_break_holder] --><!-- [et_pb_line_break_holder] --><svg width=\"200\" height=\"60\" viewBox=\"200 330 550 400\"><!-- [et_pb_line_break_holder] --><\/svg>[\/et_pb_code][\/et_pb_column][et_pb_column type=&#8221;1_3&#8243; _builder_version=&#8221;4.16&#8243; background_position=&#8221;top_left&#8221; custom_padding=&#8221;|||&#8221; global_colors_info=&#8221;{}&#8221; custom_padding__hover=&#8221;|||&#8221;][\/et_pb_column][\/et_pb_row][\/et_pb_section][et_pb_section fb_built=&#8221;1&#8243; fullwidth=&#8221;on&#8221; disabled_on=&#8221;on|on|on&#8221; _builder_version=&#8221;4.16&#8243; custom_padding=&#8221;0px|||&#8221; transparent_background=&#8221;off&#8221; make_fullwidth=&#8221;off&#8221; use_custom_width=&#8221;off&#8221; width_unit=&#8221;on&#8221; disabled=&#8221;on&#8221; global_colors_info=&#8221;{}&#8221;][et_pb_fullwidth_menu menu_id=&#8221;19&#8243; submenu_direction=&#8221;downwards&#8221; fullwidth_menu=&#8221;off&#8221; disabled_on=&#8221;on||&#8221; _builder_version=&#8221;4.16&#8243; menu_text_color=&#8221;#006838&#8243; text_orientation=&#8221;center&#8221; global_colors_info=&#8221;{}&#8221;][\/et_pb_fullwidth_menu][\/et_pb_section]<\/p>\n","protected":false},"excerpt":{"rendered":"<p>Aseguradoras de Autos Mexicanas English<div class='et-box et-shadow'>\n\t\t\t\t\t<div class='et-box-content'><\/div><\/div> En BestMex.com le ofrecemos las mejores opciones de p\u00f3lizas de seguros de autos\u00a0turistas para el cruce entre Estados Unidos, Canad\u00e1 y M\u00e9xico. Trabajamos con las mejores aseguradoras de autos en M\u00e9xico y Estados Unidos, seg\u00fan sea el caso, las cuales son evaluadas y han recibido una calificaci\u00f3n superior por parte [&hellip;]<\/p>\n","protected":false},"author":12,"featured_media":0,"parent":0,"menu_order":0,"comment_status":"closed","ping_status":"closed","template":"","meta":{"_et_pb_use_builder":"on","_et_pb_old_content":"","_et_gb_content_width":"","footnotes":""},"class_list":["post-15596","page","type-page","status-publish","hentry"],"yoast_head":"<!-- This site is optimized with the Yoast SEO plugin v26.8 - https:\/\/yoast.com\/product\/yoast-seo-wordpress\/ -->\r\n<title>Aseguradoras de Autos Mexicanas - Bestmex Blog<\/title>\r\n<meta name=\"description\" content=\"La pagina de Aseguradoras de Autos Mexicanas muestra las aseguradoras con las cuales BestMex trabaja y ofrece seguros de autos para Mexico.\" \/>\r\n<meta name=\"robots\" content=\"index, follow, max-snippet:-1, max-image-preview:large, max-video-preview:-1\" \/>\r\n<link rel=\"canonical\" href=\"https:\/\/www.bestmex.com\/es\/mexico-seguros-blog\/aseguradoras-de-autos-mexicanas\/\" \/>\r\n<meta property=\"og:locale\" content=\"en_US\" \/>\r\n<meta property=\"og:type\" content=\"article\" \/>\r\n<meta property=\"og:title\" content=\"Aseguradoras de Autos Mexicanas - Bestmex Blog\" \/>\r\n<meta property=\"og:description\" content=\"La pagina de Aseguradoras de Autos Mexicanas muestra las aseguradoras con las cuales BestMex trabaja y ofrece seguros de autos para Mexico.\" \/>\r\n<meta property=\"og:url\" content=\"https:\/\/www.bestmex.com\/es\/mexico-seguros-blog\/aseguradoras-de-autos-mexicanas\/\" \/>\r\n<meta property=\"og:site_name\" content=\"Bestmex Blog\" \/>\r\n<meta property=\"article:modified_time\" content=\"2025-04-14T18:09:00+00:00\" \/>\r\n<meta name=\"twitter:card\" content=\"summary_large_image\" \/>\r\n<meta name=\"twitter:label1\" content=\"Est. reading time\" \/>\n\t<meta name=\"twitter:data1\" content=\"3 minutes\" \/>\r\n<script type=\"application\/ld+json\" class=\"yoast-schema-graph\">{\"@context\":\"https:\/\/schema.org\",\"@graph\":[{\"@type\":\"WebPage\",\"@id\":\"https:\/\/www.bestmex.com\/es\/mexico-seguros-blog\/aseguradoras-de-autos-mexicanas\/\",\"url\":\"https:\/\/www.bestmex.com\/es\/mexico-seguros-blog\/aseguradoras-de-autos-mexicanas\/\",\"name\":\"Aseguradoras de Autos Mexicanas - Bestmex Blog\",\"isPartOf\":{\"@id\":\"https:\/\/www.bestmex.com\/es\/mexico-seguros-blog\/#website\"},\"datePublished\":\"2022-08-04T20:41:52+00:00\",\"dateModified\":\"2025-04-14T18:09:00+00:00\",\"description\":\"La pagina de Aseguradoras de Autos Mexicanas muestra las aseguradoras con las cuales BestMex trabaja y ofrece seguros de autos para Mexico.\",\"breadcrumb\":{\"@id\":\"https:\/\/www.bestmex.com\/es\/mexico-seguros-blog\/aseguradoras-de-autos-mexicanas\/#breadcrumb\"},\"inLanguage\":\"en-US\",\"potentialAction\":[{\"@type\":\"ReadAction\",\"target\":[\"https:\/\/www.bestmex.com\/es\/mexico-seguros-blog\/aseguradoras-de-autos-mexicanas\/\"]}]},{\"@type\":\"BreadcrumbList\",\"@id\":\"https:\/\/www.bestmex.com\/es\/mexico-seguros-blog\/aseguradoras-de-autos-mexicanas\/#breadcrumb\",\"itemListElement\":[{\"@type\":\"ListItem\",\"position\":1,\"name\":\"Home\",\"item\":\"https:\/\/www.bestmex.com\/es\/mexico-seguros-blog\/\"},{\"@type\":\"ListItem\",\"position\":2,\"name\":\"Aseguradoras de Autos Mexicanas\"}]},{\"@type\":\"WebSite\",\"@id\":\"https:\/\/www.bestmex.com\/es\/mexico-seguros-blog\/#website\",\"url\":\"https:\/\/www.bestmex.com\/es\/mexico-seguros-blog\/\",\"name\":\"Bestmex Blog\",\"description\":\"El mejor seguro de auto para M\u00e9xico\",\"publisher\":{\"@id\":\"https:\/\/www.bestmex.com\/es\/mexico-seguros-blog\/#organization\"},\"potentialAction\":[{\"@type\":\"SearchAction\",\"target\":{\"@type\":\"EntryPoint\",\"urlTemplate\":\"https:\/\/www.bestmex.com\/es\/mexico-seguros-blog\/?s={search_term_string}\"},\"query-input\":{\"@type\":\"PropertyValueSpecification\",\"valueRequired\":true,\"valueName\":\"search_term_string\"}}],\"inLanguage\":\"en-US\"},{\"@type\":\"Organization\",\"@id\":\"https:\/\/www.bestmex.com\/es\/mexico-seguros-blog\/#organization\",\"name\":\"MXGA Auto Inc.\",\"url\":\"https:\/\/www.bestmex.com\/es\/mexico-seguros-blog\/\",\"logo\":{\"@type\":\"ImageObject\",\"inLanguage\":\"en-US\",\"@id\":\"https:\/\/www.bestmex.com\/es\/mexico-seguros-blog\/#\/schema\/logo\/image\/\",\"url\":\"https:\/\/www.bestmex.com\/es\/mexico-seguros-blog\/wp-content\/uploads\/2017\/06\/BestMex-logo.jpg\",\"contentUrl\":\"https:\/\/www.bestmex.com\/es\/mexico-seguros-blog\/wp-content\/uploads\/2017\/06\/BestMex-logo.jpg\",\"width\":576,\"height\":541,\"caption\":\"MXGA Auto Inc.\"},\"image\":{\"@id\":\"https:\/\/www.bestmex.com\/es\/mexico-seguros-blog\/#\/schema\/logo\/image\/\"}}]}<\/script>\r\n<!-- \/ Yoast SEO plugin. -->","yoast_head_json":{"title":"Aseguradoras de Autos Mexicanas - Bestmex Blog","description":"La pagina de Aseguradoras de Autos Mexicanas muestra las aseguradoras con las cuales BestMex trabaja y ofrece seguros de autos para Mexico.","robots":{"index":"index","follow":"follow","max-snippet":"max-snippet:-1","max-image-preview":"max-image-preview:large","max-video-preview":"max-video-preview:-1"},"canonical":"https:\/\/www.bestmex.com\/es\/mexico-seguros-blog\/aseguradoras-de-autos-mexicanas\/","og_locale":"en_US","og_type":"article","og_title":"Aseguradoras de Autos Mexicanas - Bestmex Blog","og_description":"La pagina de Aseguradoras de Autos Mexicanas muestra las aseguradoras con las cuales BestMex trabaja y ofrece seguros de autos para Mexico.","og_url":"https:\/\/www.bestmex.com\/es\/mexico-seguros-blog\/aseguradoras-de-autos-mexicanas\/","og_site_name":"Bestmex Blog","article_modified_time":"2025-04-14T18:09:00+00:00","twitter_card":"summary_large_image","twitter_misc":{"Est. reading time":"3 minutes"},"schema":{"@context":"https:\/\/schema.org","@graph":[{"@type":"WebPage","@id":"https:\/\/www.bestmex.com\/es\/mexico-seguros-blog\/aseguradoras-de-autos-mexicanas\/","url":"https:\/\/www.bestmex.com\/es\/mexico-seguros-blog\/aseguradoras-de-autos-mexicanas\/","name":"Aseguradoras de Autos Mexicanas - Bestmex Blog","isPartOf":{"@id":"https:\/\/www.bestmex.com\/es\/mexico-seguros-blog\/#website"},"datePublished":"2022-08-04T20:41:52+00:00","dateModified":"2025-04-14T18:09:00+00:00","description":"La pagina de Aseguradoras de Autos Mexicanas muestra las aseguradoras con las cuales BestMex trabaja y ofrece seguros de autos para Mexico.","breadcrumb":{"@id":"https:\/\/www.bestmex.com\/es\/mexico-seguros-blog\/aseguradoras-de-autos-mexicanas\/#breadcrumb"},"inLanguage":"en-US","potentialAction":[{"@type":"ReadAction","target":["https:\/\/www.bestmex.com\/es\/mexico-seguros-blog\/aseguradoras-de-autos-mexicanas\/"]}]},{"@type":"BreadcrumbList","@id":"https:\/\/www.bestmex.com\/es\/mexico-seguros-blog\/aseguradoras-de-autos-mexicanas\/#breadcrumb","itemListElement":[{"@type":"ListItem","position":1,"name":"Home","item":"https:\/\/www.bestmex.com\/es\/mexico-seguros-blog\/"},{"@type":"ListItem","position":2,"name":"Aseguradoras de Autos Mexicanas"}]},{"@type":"WebSite","@id":"https:\/\/www.bestmex.com\/es\/mexico-seguros-blog\/#website","url":"https:\/\/www.bestmex.com\/es\/mexico-seguros-blog\/","name":"Bestmex Blog","description":"El mejor seguro de auto para M\u00e9xico","publisher":{"@id":"https:\/\/www.bestmex.com\/es\/mexico-seguros-blog\/#organization"},"potentialAction":[{"@type":"SearchAction","target":{"@type":"EntryPoint","urlTemplate":"https:\/\/www.bestmex.com\/es\/mexico-seguros-blog\/?s={search_term_string}"},"query-input":{"@type":"PropertyValueSpecification","valueRequired":true,"valueName":"search_term_string"}}],"inLanguage":"en-US"},{"@type":"Organization","@id":"https:\/\/www.bestmex.com\/es\/mexico-seguros-blog\/#organization","name":"MXGA Auto Inc.","url":"https:\/\/www.bestmex.com\/es\/mexico-seguros-blog\/","logo":{"@type":"ImageObject","inLanguage":"en-US","@id":"https:\/\/www.bestmex.com\/es\/mexico-seguros-blog\/#\/schema\/logo\/image\/","url":"https:\/\/www.bestmex.com\/es\/mexico-seguros-blog\/wp-content\/uploads\/2017\/06\/BestMex-logo.jpg","contentUrl":"https:\/\/www.bestmex.com\/es\/mexico-seguros-blog\/wp-content\/uploads\/2017\/06\/BestMex-logo.jpg","width":576,"height":541,"caption":"MXGA Auto Inc."},"image":{"@id":"https:\/\/www.bestmex.com\/es\/mexico-seguros-blog\/#\/schema\/logo\/image\/"}}]}},"_links":{"self":[{"href":"https:\/\/www.bestmex.com\/es\/mexico-seguros-blog\/wp-json\/wp\/v2\/pages\/15596","targetHints":{"allow":["GET"]}}],"collection":[{"href":"https:\/\/www.bestmex.com\/es\/mexico-seguros-blog\/wp-json\/wp\/v2\/pages"}],"about":[{"href":"https:\/\/www.bestmex.com\/es\/mexico-seguros-blog\/wp-json\/wp\/v2\/types\/page"}],"author":[{"embeddable":true,"href":"https:\/\/www.bestmex.com\/es\/mexico-seguros-blog\/wp-json\/wp\/v2\/users\/12"}],"replies":[{"embeddable":true,"href":"https:\/\/www.bestmex.com\/es\/mexico-seguros-blog\/wp-json\/wp\/v2\/comments?post=15596"}],"version-history":[{"count":32,"href":"https:\/\/www.bestmex.com\/es\/mexico-seguros-blog\/wp-json\/wp\/v2\/pages\/15596\/revisions"}],"predecessor-version":[{"id":19717,"href":"https:\/\/www.bestmex.com\/es\/mexico-seguros-blog\/wp-json\/wp\/v2\/pages\/15596\/revisions\/19717"}],"wp:attachment":[{"href":"https:\/\/www.bestmex.com\/es\/mexico-seguros-blog\/wp-json\/wp\/v2\/media?parent=15596"}],"curies":[{"name":"wp","href":"https:\/\/api.w.org\/{rel}","templated":true}]}}