{"id":13141,"date":"2021-04-23T15:16:45","date_gmt":"2021-04-23T20:16:45","guid":{"rendered":"https:\/\/www.bestmex.com\/es\/mexico-seguros-blog\/?page_id=13141"},"modified":"2022-06-17T17:50:52","modified_gmt":"2022-06-17T22:50:52","slug":"cruces-fronterizos-texas-nuevo-leon","status":"publish","type":"page","link":"https:\/\/www.bestmex.com\/es\/mexico-seguros-blog\/cruces-fronterizos-texas-nuevo-leon\/","title":{"rendered":"Cruces Fronterizos Texas-Nuevo Leon"},"content":{"rendered":"<p>[et_pb_section fb_built=&#8221;1&#8243; _builder_version=&#8221;4.16&#8243; custom_padding=&#8221;0px||0px|&#8221; transparent_background=&#8221;off&#8221; make_fullwidth=&#8221;off&#8221; use_custom_width=&#8221;off&#8221; width_unit=&#8221;on&#8221; global_colors_info=&#8221;{}&#8221;][et_pb_row admin_label=&#8221;row&#8221; _builder_version=&#8221;4.16&#8243; background_size=&#8221;initial&#8221; background_position=&#8221;top_left&#8221; background_repeat=&#8221;repeat&#8221; custom_margin=&#8221;||0px|&#8221; custom_padding=&#8221;||0px|&#8221; make_fullwidth=&#8221;off&#8221; use_custom_width=&#8221;off&#8221; width_unit=&#8221;on&#8221; global_colors_info=&#8221;{}&#8221;][et_pb_column type=&#8221;4_4&#8243; _builder_version=&#8221;4.16&#8243; custom_padding=&#8221;|||&#8221; global_colors_info=&#8221;{}&#8221; custom_padding__hover=&#8221;|||&#8221;][et_pb_text admin_label=&#8221;Cruces Fronterizos Texas-Nuevo Leon&#8221; _builder_version=&#8221;4.16&#8243; global_colors_info=&#8221;{}&#8221;]<\/p>\n<h1 style=\"text-align: center;\"><span style=\"color: #003300;\"><span style=\"caret-color: #003300;\"><a id=\"section2\"><\/a>Cruces Fronterizos Texas-Nuevo Le\u00f3n<\/span><\/span><\/h1>\n<p style=\"text-align: center;\"><a href=\"https:\/\/www.bestmex.com\/en\/mexico-insurance-blog\/border-crossings-texas-nuevo-leon\/\"><strong><span style=\"color: #008000;\">English<\/span><\/strong><\/a><\/p>\n<h5 style=\"text-align: center;\"><span style=\"color: #ffffff;\"><span style=\"caret-color: #003300;\">\u00a0 \u00a0 \u00a0 \u00a0 \u00a0 \u00a0 \u00a0 \u00a0 \u00a0 \u00a0 \u00a0 \u00a0 \u00a0 \u00a0 \u00a0 \u00a0 \u00a0 \u00a0 \u00a0 \u00a0 \u00a0 \u00a0 \u00a0 \u00a0 \u00a0 \u00a0 \u00a0 \u00a0 \u00a0 \u00a0 \u00a0 \u00a0 \u00a0 \u00a0 \u00a0 \u00a0 \u00a0 \u00a0 \u00a0 \u00a0 \u00a0 \u00a0 \u00a0\u00a0<a href=\"http:\/\/mxga.com\">mxga.com<\/a><\/span><\/span><\/h5>\n<p>[\/et_pb_text][\/et_pb_column][\/et_pb_row][et_pb_row admin_label=&#8221;row&#8221; _builder_version=&#8221;4.16&#8243; background_size=&#8221;initial&#8221; background_position=&#8221;top_left&#8221; background_repeat=&#8221;repeat&#8221; custom_margin=&#8221;||0px|&#8221; custom_padding=&#8221;||0px|&#8221; make_fullwidth=&#8221;off&#8221; use_custom_width=&#8221;off&#8221; width_unit=&#8221;on&#8221; global_colors_info=&#8221;{}&#8221;][et_pb_column type=&#8221;4_4&#8243; _builder_version=&#8221;4.16&#8243; custom_padding=&#8221;|||&#8221; global_colors_info=&#8221;{}&#8221; custom_padding__hover=&#8221;|||&#8221;][et_pb_text disabled_on=&#8221;off|off|off&#8221; _builder_version=&#8221;4.17.4&#8243; custom_margin=&#8221;0px||0px|85px|false|false&#8221; custom_margin_tablet=&#8221;&#8221; custom_margin_phone=&#8221;|||0px|false|false&#8221; custom_margin_last_edited=&#8221;on|desktop&#8221; custom_padding=&#8221;0px||0px|0px|false|false&#8221; global_colors_info=&#8221;{}&#8221;]<\/p>\n<p style=\"text-align: justify;\"><div class='et-box et-shadow'>\n\t\t\t\t\t<div class='et-box-content'>Aqu\u00ed\u00a0encontraras todos los cruces fronterizos entre el estado de Texas, Estados Unidos y Nuevo M\u00e9xico, Mexico. \u00a0Presiona la liga de cada cruce para accesar a la informaci\u00f3n detallada. Tambi\u00e9n puedes presionar en el mapa de cada cruce para visualizar los detalles.<\/div><\/div><\/p>\n<p>&nbsp;<\/p>\n<p>[\/et_pb_text][et_pb_image src=&#8221;https:\/\/www.bestmex.com\/es\/mexico-seguros-blog\/wp-content\/uploads\/2021\/05\/TexasNuevoLeonVr1a.png&#8221; alt=&#8221;Cruces Fronterizos Texas-Nuevo Le\u00f3n&#8221; title_text=&#8221;Cruce Fronterizo Laredo Colombia &#8211; Puente Internacional Colombia&#8221; url=&#8221;https:\/\/www.bestmex.com\/es\/mexico-seguros-blog\/cruce-fronterizo-ladero-colombia-puente-internacional-colombia\/&#8221; align=&#8221;center&#8221; align_tablet=&#8221;center&#8221; align_phone=&#8221;&#8221; align_last_edited=&#8221;on|desktop&#8221; admin_label=&#8221;Image&#8221; _builder_version=&#8221;4.16&#8243; width=&#8221;80%&#8221; global_colors_info=&#8221;{}&#8221;][\/et_pb_image][et_pb_text disabled_on=&#8221;off|off|off&#8221; _builder_version=&#8221;4.17.4&#8243; custom_margin=&#8221;0px||0px|85px|false|false&#8221; custom_margin_tablet=&#8221;&#8221; custom_margin_phone=&#8221;|||0px|false|false&#8221; custom_margin_last_edited=&#8221;on|desktop&#8221; custom_padding=&#8221;0px||0px|0px|false|false&#8221; hover_enabled=&#8221;0&#8243; global_colors_info=&#8221;{}&#8221; sticky_enabled=&#8221;0&#8243;]<\/p>\n<p style=\"text-align: justify;\"><span style=\"color: #258ea8;\"><a style=\"color: #258ea8;\" href=\"https:\/\/www.bestmex.com\/es\/mexico-seguros-blog\/cruce-fronterizo-ladero-colombia-puente-internacional-colombia\/\" target=\"_blank\" rel=\"noopener noreferrer\">Laredo Colombia, Puente Internacional Colombia<\/a> <\/span>El cruce\u00a0esta ubicado En el Puente Internacional Colombia entre Laredo, Texas en Estados Unidos\u00a0y\u00a0Colombia, Nuevo Le\u00f3n en M\u00e9xico. \u00a0Del lado americano, se conecta con la <a title=\"Carretera estatal 255 de Texas\" href=\"https:\/\/es.qwe.wiki\/wiki\/Texas_State_Highway_255\">SH 255<\/a>\u00a0y la <a class=\"mw-redirect\" title=\"Carretera Estatal de Nuevo Le\u00f3n Spur 1\" href=\"https:\/\/es.qwe.wiki\/wiki\/Nuevo_Leon_State_Highway_Spur_1\">Carretera Estatal de Nuevo Le\u00f3n Spur 1<\/a> Este cruce fronterizo es el \u00fanico en el estado de Nuevo Le\u00f3n. Fue construido en 1991 con el prop\u00f3sito de reducir el trafico en los puentes de entrada del centro de Laredo.<\/p>\n<p style=\"text-align: left;\">El Puente Internacional Colombia es tambi\u00e9n conocido como \u201cPuente Internacional de Solidaridad Laredo-Colombia\u201d, &#8220;Puente Solidaridad&#8221;, &#8220;Puente Colombia&#8221; y &#8220;Puente Internacional Laredo 3&#8221;. Es para veh\u00edculos comerciales y no comerciales.El Puente es operado por la ciudad de Laredo y la Secretaria de Comunicaciones y Transportes de Mexico.<\/p>\n<p>&nbsp;<\/p>\n<p>[\/et_pb_text][et_pb_text _builder_version=&#8221;4.16&#8243; background_color=&#8221;#7cda24&#8243; use_background_color_gradient=&#8221;on&#8221; background_color_gradient_stops=&#8221;#2b6614 0%|#36a01e 100%&#8221; background_color_gradient_start=&#8221;#2b6614&#8243; background_color_gradient_end=&#8221;#36a01e&#8221; custom_padding=&#8221;8px||0px||false|false&#8221; z_index_tablet=&#8221;500&#8243; text_text_shadow_horizontal_length_tablet=&#8221;0px&#8221; text_text_shadow_vertical_length_tablet=&#8221;0px&#8221; text_text_shadow_blur_strength_tablet=&#8221;1px&#8221; link_text_shadow_horizontal_length_tablet=&#8221;0px&#8221; link_text_shadow_vertical_length_tablet=&#8221;0px&#8221; link_text_shadow_blur_strength_tablet=&#8221;1px&#8221; ul_text_shadow_horizontal_length_tablet=&#8221;0px&#8221; ul_text_shadow_vertical_length_tablet=&#8221;0px&#8221; ul_text_shadow_blur_strength_tablet=&#8221;1px&#8221; ol_text_shadow_horizontal_length_tablet=&#8221;0px&#8221; ol_text_shadow_vertical_length_tablet=&#8221;0px&#8221; ol_text_shadow_blur_strength_tablet=&#8221;1px&#8221; quote_text_shadow_horizontal_length_tablet=&#8221;0px&#8221; quote_text_shadow_vertical_length_tablet=&#8221;0px&#8221; quote_text_shadow_blur_strength_tablet=&#8221;1px&#8221; header_text_shadow_horizontal_length_tablet=&#8221;0px&#8221; header_text_shadow_vertical_length_tablet=&#8221;0px&#8221; header_text_shadow_blur_strength_tablet=&#8221;1px&#8221; header_2_text_shadow_horizontal_length_tablet=&#8221;0px&#8221; header_2_text_shadow_vertical_length_tablet=&#8221;0px&#8221; header_2_text_shadow_blur_strength_tablet=&#8221;1px&#8221; header_3_text_shadow_horizontal_length_tablet=&#8221;0px&#8221; header_3_text_shadow_vertical_length_tablet=&#8221;0px&#8221; header_3_text_shadow_blur_strength_tablet=&#8221;1px&#8221; header_4_text_shadow_horizontal_length_tablet=&#8221;0px&#8221; header_4_text_shadow_vertical_length_tablet=&#8221;0px&#8221; header_4_text_shadow_blur_strength_tablet=&#8221;1px&#8221; header_5_text_shadow_horizontal_length_tablet=&#8221;0px&#8221; header_5_text_shadow_vertical_length_tablet=&#8221;0px&#8221; header_5_text_shadow_blur_strength_tablet=&#8221;1px&#8221; header_6_text_shadow_horizontal_length_tablet=&#8221;0px&#8221; header_6_text_shadow_vertical_length_tablet=&#8221;0px&#8221; header_6_text_shadow_blur_strength_tablet=&#8221;1px&#8221; box_shadow_horizontal_tablet=&#8221;0px&#8221; box_shadow_vertical_tablet=&#8221;0px&#8221; box_shadow_blur_tablet=&#8221;40px&#8221; box_shadow_spread_tablet=&#8221;0px&#8221; saved_tabs=&#8221;all&#8221; global_colors_info=&#8221;{}&#8221;]<\/p>\n<h3 style=\"text-align: center;\"><span style=\"color: #ffffff;\"><i>Otros Cruces Fronterizos<\/i><\/span><\/h3>\n<p>[\/et_pb_text][\/et_pb_column][\/et_pb_row][et_pb_row column_structure=&#8221;1_6,1_6,1_6,1_6,1_6,1_6&#8243; _builder_version=&#8221;4.16&#8243; custom_padding=&#8221;0px||||false|false&#8221; global_colors_info=&#8221;{}&#8221;][et_pb_column type=&#8221;1_6&#8243; _builder_version=&#8221;4.16&#8243; global_colors_info=&#8221;{}&#8221;][et_pb_text _builder_version=&#8221;4.16&#8243; global_colors_info=&#8221;{}&#8221;]<\/p>\n<p style=\"text-align: center;\"><a href=\"https:\/\/www.bestmex.com\/es\/mexico-seguros-blog\/cruces-fronterizos-california-baja-california\/\"><span style=\"color: #008000;\">California-Baja California<\/span><\/a><\/p>\n<p>[\/et_pb_text][\/et_pb_column][et_pb_column type=&#8221;1_6&#8243; _builder_version=&#8221;4.16&#8243; global_colors_info=&#8221;{}&#8221;][et_pb_text _builder_version=&#8221;4.16&#8243; global_colors_info=&#8221;{}&#8221;]<\/p>\n<p style=\"text-align: center;\"><a href=\"https:\/\/www.bestmex.com\/es\/mexico-seguros-blog\/cruces-fronterizos-arizona-sonora\/\"><span style=\"color: #008000;\">Arizona-Sonora<\/span><\/a><\/p>\n<p>[\/et_pb_text][\/et_pb_column][et_pb_column type=&#8221;1_6&#8243; _builder_version=&#8221;4.16&#8243; global_colors_info=&#8221;{}&#8221;][et_pb_text _builder_version=&#8221;4.16&#8243; global_colors_info=&#8221;{}&#8221;]<\/p>\n<p style=\"text-align: center;\"><a href=\"https:\/\/www.bestmex.com\/es\/mexico-seguros-blog\/cruces-fronterizos-nuevo-mexico-chihuahua\/\"><span style=\"color: #008000;\">Nuevo Mexico &#8211; Chihuahua<\/span><\/a><\/p>\n<p>[\/et_pb_text][\/et_pb_column][et_pb_column type=&#8221;1_6&#8243; _builder_version=&#8221;4.16&#8243; global_colors_info=&#8221;{}&#8221;][et_pb_text _builder_version=&#8221;4.16&#8243; global_colors_info=&#8221;{}&#8221;]<\/p>\n<p style=\"text-align: center;\"><a href=\"https:\/\/www.bestmex.com\/es\/mexico-seguros-blog\/cruces-fronterizos-texas-chihuahua\/\"><span style=\"color: #008000;\">Texas-Chihuahua<\/span><\/a><\/p>\n<p>[\/et_pb_text][\/et_pb_column][et_pb_column type=&#8221;1_6&#8243; _builder_version=&#8221;4.16&#8243; global_colors_info=&#8221;{}&#8221;][et_pb_text _builder_version=&#8221;4.16&#8243; global_colors_info=&#8221;{}&#8221;]<\/p>\n<p style=\"text-align: center;\"><a href=\"https:\/\/www.bestmex.com\/es\/mexico-seguros-blog\/cruces-fronterizos-texas-coahuila\/\"><span style=\"color: #008000;\">Texas &#8211; Coahuila<\/span><\/a><\/p>\n<p>[\/et_pb_text][\/et_pb_column][et_pb_column type=&#8221;1_6&#8243; _builder_version=&#8221;4.16&#8243; global_colors_info=&#8221;{}&#8221;][et_pb_text _builder_version=&#8221;4.16&#8243; global_colors_info=&#8221;{}&#8221;]<\/p>\n<p style=\"text-align: center;\"><a href=\"https:\/\/www.bestmex.com\/es\/mexico-seguros-blog\/cruces-fronterizos-texas-tamaulipas\/\"><span style=\"color: #008000;\">Texas &#8211; Tamaulipas<\/span><\/a><\/p>\n<p>[\/et_pb_text][\/et_pb_column][\/et_pb_row][\/et_pb_section][et_pb_section fb_built=&#8221;1&#8243; disabled_on=&#8221;off|off|off&#8221; _builder_version=&#8221;4.16&#8243; background_size=&#8221;contain&#8221; custom_padding=&#8221;||||false|false&#8221; global_colors_info=&#8221;{}&#8221;][et_pb_row column_structure=&#8221;1_3,1_3,1_3&#8243; _builder_version=&#8221;4.16&#8243; background_size=&#8221;contain&#8221; background_blend=&#8221;overlay&#8221; global_colors_info=&#8221;{}&#8221;][et_pb_column type=&#8221;1_3&#8243; _builder_version=&#8221;4.16&#8243; background_position=&#8221;top_left&#8221; custom_padding=&#8221;|||&#8221; global_colors_info=&#8221;{}&#8221; custom_padding__hover=&#8221;|||&#8221;][\/et_pb_column][et_pb_column type=&#8221;1_3&#8243; _builder_version=&#8221;4.16&#8243; background_image=&#8221;https:\/\/www.bestmex.com\/es\/mexico-seguros-blog\/wp-content\/uploads\/2017\/07\/driving-to-mexico.gif&#8221; background_size=&#8221;initial&#8221; background_position=&#8221;top_center&#8221; custom_padding=&#8221;|||&#8221; global_colors_info=&#8221;{}&#8221; custom_padding__hover=&#8221;|||&#8221;][et_pb_cta button_url=&#8221;https:\/\/www.bestmex.com\/shop\/es\/seguro-de-auto-para-mexico.aspx&#8221; button_text=&#8221;Cotiza hoy mismo&#8221; admin_label=&#8221;Call To Action &#8211; quote&#8221; _builder_version=&#8221;4.16&#8243; use_background_color=&#8221;off&#8221; custom_button=&#8221;on&#8221; button_text_color=&#8221;#ffffff&#8221; button_bg_color=&#8221;#e02b20&#8243; button_border_color=&#8221;#e02b20&#8243; button_border_radius=&#8221;8&#8243; background_layout=&#8221;light&#8221; border_style=&#8221;solid&#8221; button_letter_spacing_hover=&#8221;0&#8243; global_colors_info=&#8221;{}&#8221; button_text_size__hover_enabled=&#8221;off&#8221; button_text_size__hover=&#8221;null&#8221; button_one_text_size__hover_enabled=&#8221;off&#8221; button_one_text_size__hover=&#8221;null&#8221; button_two_text_size__hover_enabled=&#8221;off&#8221; button_two_text_size__hover=&#8221;null&#8221; button_text_color__hover_enabled=&#8221;off&#8221; button_text_color__hover=&#8221;null&#8221; button_one_text_color__hover_enabled=&#8221;off&#8221; button_one_text_color__hover=&#8221;null&#8221; button_two_text_color__hover_enabled=&#8221;off&#8221; button_two_text_color__hover=&#8221;null&#8221; button_border_width__hover_enabled=&#8221;off&#8221; button_border_width__hover=&#8221;null&#8221; button_one_border_width__hover_enabled=&#8221;off&#8221; button_one_border_width__hover=&#8221;null&#8221; button_two_border_width__hover_enabled=&#8221;off&#8221; button_two_border_width__hover=&#8221;null&#8221; button_border_color__hover_enabled=&#8221;off&#8221; button_border_color__hover=&#8221;null&#8221; button_one_border_color__hover_enabled=&#8221;off&#8221; button_one_border_color__hover=&#8221;null&#8221; button_two_border_color__hover_enabled=&#8221;off&#8221; button_two_border_color__hover=&#8221;null&#8221; button_border_radius__hover_enabled=&#8221;off&#8221; button_border_radius__hover=&#8221;null&#8221; button_one_border_radius__hover_enabled=&#8221;off&#8221; button_one_border_radius__hover=&#8221;null&#8221; button_two_border_radius__hover_enabled=&#8221;off&#8221; button_two_border_radius__hover=&#8221;null&#8221; button_letter_spacing__hover_enabled=&#8221;on&#8221; button_letter_spacing__hover=&#8221;0&#8243; button_one_letter_spacing__hover_enabled=&#8221;off&#8221; button_one_letter_spacing__hover=&#8221;null&#8221; button_two_letter_spacing__hover_enabled=&#8221;off&#8221; button_two_letter_spacing__hover=&#8221;null&#8221; button_bg_color__hover_enabled=&#8221;off&#8221; button_bg_color__hover=&#8221;null&#8221; button_one_bg_color__hover_enabled=&#8221;off&#8221; button_one_bg_color__hover=&#8221;null&#8221; button_two_bg_color__hover_enabled=&#8221;off&#8221; button_two_bg_color__hover=&#8221;null&#8221;][\/et_pb_cta][et_pb_code _builder_version=&#8221;4.16&#8243; global_colors_info=&#8221;{}&#8221;]<\/p>\n<style type=\"text\/css\"><!-- [et_pb_line_break_holder] -->svg {<!-- [et_pb_line_break_holder] --> display: block;<!-- [et_pb_line_break_holder] --> margin: 0 auto;<!-- [et_pb_line_break_holder] -->}<!-- [et_pb_line_break_holder] --><!-- [et_pb_line_break_holder] --><\/style>\n<p><!-- [et_pb_line_break_holder] --><!-- [et_pb_line_break_holder] --><svg width=\"200\" height=\"60\" viewBox=\"200 330 550 400\"><!-- [et_pb_line_break_holder] --><\/svg>[\/et_pb_code][\/et_pb_column][et_pb_column type=&#8221;1_3&#8243; _builder_version=&#8221;4.16&#8243; background_position=&#8221;top_left&#8221; custom_padding=&#8221;|||&#8221; global_colors_info=&#8221;{}&#8221; custom_padding__hover=&#8221;|||&#8221;][\/et_pb_column][\/et_pb_row][\/et_pb_section][et_pb_section fb_built=&#8221;1&#8243; fullwidth=&#8221;on&#8221; disabled_on=&#8221;on|on|on&#8221; _builder_version=&#8221;4.16&#8243; custom_padding=&#8221;0px|||&#8221; transparent_background=&#8221;off&#8221; make_fullwidth=&#8221;off&#8221; use_custom_width=&#8221;off&#8221; width_unit=&#8221;on&#8221; disabled=&#8221;on&#8221; global_colors_info=&#8221;{}&#8221;][et_pb_fullwidth_menu menu_id=&#8221;19&#8243; submenu_direction=&#8221;downwards&#8221; fullwidth_menu=&#8221;off&#8221; disabled_on=&#8221;on|on|on&#8221; _builder_version=&#8221;4.16&#8243; menu_text_color=&#8221;#006838&#8243; text_orientation=&#8221;center&#8221; disabled=&#8221;on&#8221; global_colors_info=&#8221;{}&#8221;][\/et_pb_fullwidth_menu][\/et_pb_section]<\/p>\n","protected":false},"excerpt":{"rendered":"<p>Cruces Fronterizos Texas-Nuevo Le\u00f3n English \u00a0 \u00a0 \u00a0 \u00a0 \u00a0 \u00a0 \u00a0 \u00a0 \u00a0 \u00a0 \u00a0 \u00a0 \u00a0 \u00a0 \u00a0 \u00a0 \u00a0 \u00a0 \u00a0 \u00a0 \u00a0 \u00a0 \u00a0 \u00a0 \u00a0 \u00a0 \u00a0 \u00a0 \u00a0 \u00a0 \u00a0 \u00a0 \u00a0 \u00a0 \u00a0 \u00a0 \u00a0 \u00a0 \u00a0 \u00a0 \u00a0 \u00a0 \u00a0\u00a0mxga.com<div class='et-box et-shadow'>\n\t\t\t\t\t<div class='et-box-content'><\/div><\/div>Aqu\u00ed\u00a0encontraras todos los cruces fronterizos entre el estado [&hellip;]<\/p>\n","protected":false},"author":12,"featured_media":0,"parent":0,"menu_order":0,"comment_status":"closed","ping_status":"closed","template":"","meta":{"_et_pb_use_builder":"on","_et_pb_old_content":"","_et_gb_content_width":"","footnotes":""},"class_list":["post-13141","page","type-page","status-publish","hentry"],"yoast_head":"<!-- This site is optimized with the Yoast SEO plugin v26.8 - https:\/\/yoast.com\/product\/yoast-seo-wordpress\/ -->\r\n<title>Cruces Fronterizos Texas-Nuevo Leon - Bestmex Blog<\/title>\r\n<meta name=\"description\" content=\"La p\u00e1gina de Cruces Fronterizos Texas-Nuevo Leon brinda informaci\u00f3n de todos los cruces a M\u00e9xico entre estos dos estados.\" \/>\r\n<meta name=\"robots\" content=\"index, follow, max-snippet:-1, max-image-preview:large, max-video-preview:-1\" \/>\r\n<link rel=\"canonical\" href=\"https:\/\/www.bestmex.com\/es\/mexico-seguros-blog\/cruces-fronterizos-texas-nuevo-leon\/\" \/>\r\n<meta property=\"og:locale\" content=\"en_US\" \/>\r\n<meta property=\"og:type\" content=\"article\" \/>\r\n<meta property=\"og:title\" content=\"Cruces Fronterizos Texas-Nuevo Leon - Bestmex Blog\" \/>\r\n<meta property=\"og:description\" content=\"La p\u00e1gina de Cruces Fronterizos Texas-Nuevo Leon brinda informaci\u00f3n de todos los cruces a M\u00e9xico entre estos dos estados.\" \/>\r\n<meta property=\"og:url\" content=\"https:\/\/www.bestmex.com\/es\/mexico-seguros-blog\/cruces-fronterizos-texas-nuevo-leon\/\" \/>\r\n<meta property=\"og:site_name\" content=\"Bestmex Blog\" \/>\r\n<meta property=\"article:modified_time\" content=\"2022-06-17T22:50:52+00:00\" \/>\r\n<meta name=\"twitter:card\" content=\"summary_large_image\" \/>\r\n<meta name=\"twitter:label1\" content=\"Est. reading time\" \/>\n\t<meta name=\"twitter:data1\" content=\"8 minutes\" \/>\r\n<script type=\"application\/ld+json\" class=\"yoast-schema-graph\">{\"@context\":\"https:\/\/schema.org\",\"@graph\":[{\"@type\":\"WebPage\",\"@id\":\"https:\/\/www.bestmex.com\/es\/mexico-seguros-blog\/cruces-fronterizos-texas-nuevo-leon\/\",\"url\":\"https:\/\/www.bestmex.com\/es\/mexico-seguros-blog\/cruces-fronterizos-texas-nuevo-leon\/\",\"name\":\"Cruces Fronterizos Texas-Nuevo Leon - Bestmex Blog\",\"isPartOf\":{\"@id\":\"https:\/\/www.bestmex.com\/es\/mexico-seguros-blog\/#website\"},\"datePublished\":\"2021-04-23T20:16:45+00:00\",\"dateModified\":\"2022-06-17T22:50:52+00:00\",\"description\":\"La p\u00e1gina de Cruces Fronterizos Texas-Nuevo Leon brinda informaci\u00f3n de todos los cruces a M\u00e9xico entre estos dos estados.\",\"breadcrumb\":{\"@id\":\"https:\/\/www.bestmex.com\/es\/mexico-seguros-blog\/cruces-fronterizos-texas-nuevo-leon\/#breadcrumb\"},\"inLanguage\":\"en-US\",\"potentialAction\":[{\"@type\":\"ReadAction\",\"target\":[\"https:\/\/www.bestmex.com\/es\/mexico-seguros-blog\/cruces-fronterizos-texas-nuevo-leon\/\"]}]},{\"@type\":\"BreadcrumbList\",\"@id\":\"https:\/\/www.bestmex.com\/es\/mexico-seguros-blog\/cruces-fronterizos-texas-nuevo-leon\/#breadcrumb\",\"itemListElement\":[{\"@type\":\"ListItem\",\"position\":1,\"name\":\"Home\",\"item\":\"https:\/\/www.bestmex.com\/es\/mexico-seguros-blog\/\"},{\"@type\":\"ListItem\",\"position\":2,\"name\":\"Cruces Fronterizos Texas-Nuevo Leon\"}]},{\"@type\":\"WebSite\",\"@id\":\"https:\/\/www.bestmex.com\/es\/mexico-seguros-blog\/#website\",\"url\":\"https:\/\/www.bestmex.com\/es\/mexico-seguros-blog\/\",\"name\":\"Bestmex Blog\",\"description\":\"El mejor seguro de auto para M\u00e9xico\",\"publisher\":{\"@id\":\"https:\/\/www.bestmex.com\/es\/mexico-seguros-blog\/#organization\"},\"potentialAction\":[{\"@type\":\"SearchAction\",\"target\":{\"@type\":\"EntryPoint\",\"urlTemplate\":\"https:\/\/www.bestmex.com\/es\/mexico-seguros-blog\/?s={search_term_string}\"},\"query-input\":{\"@type\":\"PropertyValueSpecification\",\"valueRequired\":true,\"valueName\":\"search_term_string\"}}],\"inLanguage\":\"en-US\"},{\"@type\":\"Organization\",\"@id\":\"https:\/\/www.bestmex.com\/es\/mexico-seguros-blog\/#organization\",\"name\":\"MXGA Auto Inc.\",\"url\":\"https:\/\/www.bestmex.com\/es\/mexico-seguros-blog\/\",\"logo\":{\"@type\":\"ImageObject\",\"inLanguage\":\"en-US\",\"@id\":\"https:\/\/www.bestmex.com\/es\/mexico-seguros-blog\/#\/schema\/logo\/image\/\",\"url\":\"https:\/\/www.bestmex.com\/es\/mexico-seguros-blog\/wp-content\/uploads\/2017\/06\/BestMex-logo.jpg\",\"contentUrl\":\"https:\/\/www.bestmex.com\/es\/mexico-seguros-blog\/wp-content\/uploads\/2017\/06\/BestMex-logo.jpg\",\"width\":576,\"height\":541,\"caption\":\"MXGA Auto Inc.\"},\"image\":{\"@id\":\"https:\/\/www.bestmex.com\/es\/mexico-seguros-blog\/#\/schema\/logo\/image\/\"}}]}<\/script>\r\n<!-- \/ Yoast SEO plugin. -->","yoast_head_json":{"title":"Cruces Fronterizos Texas-Nuevo Leon - Bestmex Blog","description":"La p\u00e1gina de Cruces Fronterizos Texas-Nuevo Leon brinda informaci\u00f3n de todos los cruces a M\u00e9xico entre estos dos estados.","robots":{"index":"index","follow":"follow","max-snippet":"max-snippet:-1","max-image-preview":"max-image-preview:large","max-video-preview":"max-video-preview:-1"},"canonical":"https:\/\/www.bestmex.com\/es\/mexico-seguros-blog\/cruces-fronterizos-texas-nuevo-leon\/","og_locale":"en_US","og_type":"article","og_title":"Cruces Fronterizos Texas-Nuevo Leon - Bestmex Blog","og_description":"La p\u00e1gina de Cruces Fronterizos Texas-Nuevo Leon brinda informaci\u00f3n de todos los cruces a M\u00e9xico entre estos dos estados.","og_url":"https:\/\/www.bestmex.com\/es\/mexico-seguros-blog\/cruces-fronterizos-texas-nuevo-leon\/","og_site_name":"Bestmex Blog","article_modified_time":"2022-06-17T22:50:52+00:00","twitter_card":"summary_large_image","twitter_misc":{"Est. reading time":"8 minutes"},"schema":{"@context":"https:\/\/schema.org","@graph":[{"@type":"WebPage","@id":"https:\/\/www.bestmex.com\/es\/mexico-seguros-blog\/cruces-fronterizos-texas-nuevo-leon\/","url":"https:\/\/www.bestmex.com\/es\/mexico-seguros-blog\/cruces-fronterizos-texas-nuevo-leon\/","name":"Cruces Fronterizos Texas-Nuevo Leon - Bestmex Blog","isPartOf":{"@id":"https:\/\/www.bestmex.com\/es\/mexico-seguros-blog\/#website"},"datePublished":"2021-04-23T20:16:45+00:00","dateModified":"2022-06-17T22:50:52+00:00","description":"La p\u00e1gina de Cruces Fronterizos Texas-Nuevo Leon brinda informaci\u00f3n de todos los cruces a M\u00e9xico entre estos dos estados.","breadcrumb":{"@id":"https:\/\/www.bestmex.com\/es\/mexico-seguros-blog\/cruces-fronterizos-texas-nuevo-leon\/#breadcrumb"},"inLanguage":"en-US","potentialAction":[{"@type":"ReadAction","target":["https:\/\/www.bestmex.com\/es\/mexico-seguros-blog\/cruces-fronterizos-texas-nuevo-leon\/"]}]},{"@type":"BreadcrumbList","@id":"https:\/\/www.bestmex.com\/es\/mexico-seguros-blog\/cruces-fronterizos-texas-nuevo-leon\/#breadcrumb","itemListElement":[{"@type":"ListItem","position":1,"name":"Home","item":"https:\/\/www.bestmex.com\/es\/mexico-seguros-blog\/"},{"@type":"ListItem","position":2,"name":"Cruces Fronterizos Texas-Nuevo Leon"}]},{"@type":"WebSite","@id":"https:\/\/www.bestmex.com\/es\/mexico-seguros-blog\/#website","url":"https:\/\/www.bestmex.com\/es\/mexico-seguros-blog\/","name":"Bestmex Blog","description":"El mejor seguro de auto para M\u00e9xico","publisher":{"@id":"https:\/\/www.bestmex.com\/es\/mexico-seguros-blog\/#organization"},"potentialAction":[{"@type":"SearchAction","target":{"@type":"EntryPoint","urlTemplate":"https:\/\/www.bestmex.com\/es\/mexico-seguros-blog\/?s={search_term_string}"},"query-input":{"@type":"PropertyValueSpecification","valueRequired":true,"valueName":"search_term_string"}}],"inLanguage":"en-US"},{"@type":"Organization","@id":"https:\/\/www.bestmex.com\/es\/mexico-seguros-blog\/#organization","name":"MXGA Auto Inc.","url":"https:\/\/www.bestmex.com\/es\/mexico-seguros-blog\/","logo":{"@type":"ImageObject","inLanguage":"en-US","@id":"https:\/\/www.bestmex.com\/es\/mexico-seguros-blog\/#\/schema\/logo\/image\/","url":"https:\/\/www.bestmex.com\/es\/mexico-seguros-blog\/wp-content\/uploads\/2017\/06\/BestMex-logo.jpg","contentUrl":"https:\/\/www.bestmex.com\/es\/mexico-seguros-blog\/wp-content\/uploads\/2017\/06\/BestMex-logo.jpg","width":576,"height":541,"caption":"MXGA Auto Inc."},"image":{"@id":"https:\/\/www.bestmex.com\/es\/mexico-seguros-blog\/#\/schema\/logo\/image\/"}}]}},"_links":{"self":[{"href":"https:\/\/www.bestmex.com\/es\/mexico-seguros-blog\/wp-json\/wp\/v2\/pages\/13141","targetHints":{"allow":["GET"]}}],"collection":[{"href":"https:\/\/www.bestmex.com\/es\/mexico-seguros-blog\/wp-json\/wp\/v2\/pages"}],"about":[{"href":"https:\/\/www.bestmex.com\/es\/mexico-seguros-blog\/wp-json\/wp\/v2\/types\/page"}],"author":[{"embeddable":true,"href":"https:\/\/www.bestmex.com\/es\/mexico-seguros-blog\/wp-json\/wp\/v2\/users\/12"}],"replies":[{"embeddable":true,"href":"https:\/\/www.bestmex.com\/es\/mexico-seguros-blog\/wp-json\/wp\/v2\/comments?post=13141"}],"version-history":[{"count":21,"href":"https:\/\/www.bestmex.com\/es\/mexico-seguros-blog\/wp-json\/wp\/v2\/pages\/13141\/revisions"}],"predecessor-version":[{"id":15264,"href":"https:\/\/www.bestmex.com\/es\/mexico-seguros-blog\/wp-json\/wp\/v2\/pages\/13141\/revisions\/15264"}],"wp:attachment":[{"href":"https:\/\/www.bestmex.com\/es\/mexico-seguros-blog\/wp-json\/wp\/v2\/media?parent=13141"}],"curies":[{"name":"wp","href":"https:\/\/api.w.org\/{rel}","templated":true}]}}